{"id":9038,"date":"2026-01-13T14:37:17","date_gmt":"2026-01-13T14:37:17","guid":{"rendered":"https:\/\/www.arcaboa.com\/?page_id=9038"},"modified":"2026-01-13T14:37:17","modified_gmt":"2026-01-13T14:37:17","slug":"accueil","status":"publish","type":"page","link":"https:\/\/www.arcaboa.com\/fr\/","title":{"rendered":"Accueil"},"content":{"rendered":"<div class=\"row well-sm \" ><div class=\"container\"><div class=\"row row-edge\"><div class=\"col-xs-12 col-sm-12 col-md-4 col-lg-4\">\n<h2>Bienvenue dans notre monde !<\/h2>\n<\/div>\n<div class=\"col-xs-12 col-sm-12 col-md-8 col-lg-8 toggle-post\">\n<div class=\"row row-edge full-post \" >\n<div class=\"col-md-6\">\n<p>ARCABOA vous souhaite la bienvenue dans notre monde de l&rsquo;industrie du froid !<\/p>\n<p>Engag\u00e9s dans une fabrication ax\u00e9e sur le client, nous sommes convaincus que gr\u00e2ce \u00e0 l&rsquo;innovation, la qualit\u00e9 et la durabilit\u00e9 de nos produits, nous rendrons votre entreprise plus rentable pour r\u00e9pondre \u00e0 vos besoins.<\/p>\n<p>Avec des produits destin\u00e9s aux hypermarch\u00e9s, supermarch\u00e9s, ou petits supermarch\u00e9s, HORECA, nous accordons toute l&rsquo;attention \u00e0 ce dont vous avez besoin.<\/p>\n<\/div>\n<div class=\"col-md-6\">\n<p>L&rsquo;innovation et l&rsquo;exp\u00e9rience sont nos fondements, compl\u00e9t\u00e9s par la diversit\u00e9 qui stimule les id\u00e9es novatrices et les nouvelles solutions.<\/p>\n<p>Concentr\u00e9s sur les projets, le d\u00e9veloppement de nouveaux produits et la personnalisation, nous avons une \u00e9quipe qui vous soutient !<\/p>\n<\/div>\n<\/div>\n<\/div>\n<\/div><\/div><\/div>\n","protected":false},"excerpt":{"rendered":"","protected":false},"author":67,"featured_media":0,"parent":0,"menu_order":0,"comment_status":"open","ping_status":"closed","template":"","meta":{"footnotes":""},"_links":{"self":[{"href":"https:\/\/www.arcaboa.com\/fr\/wp-json\/wp\/v2\/pages\/9038\/"}],"collection":[{"href":"https:\/\/www.arcaboa.com\/fr\/wp-json\/wp\/v2\/pages\/"}],"about":[{"href":"https:\/\/www.arcaboa.com\/fr\/wp-json\/wp\/v2\/types\/page\/"}],"author":[{"embeddable":true,"href":"https:\/\/www.arcaboa.com\/fr\/wp-json\/wp\/v2\/users\/67\/"}],"replies":[{"embeddable":true,"href":"https:\/\/www.arcaboa.com\/fr\/wp-json\/wp\/v2\/comments\/?post=9038"}],"version-history":[{"count":1,"href":"https:\/\/www.arcaboa.com\/fr\/wp-json\/wp\/v2\/pages\/9038\/revisions\/"}],"predecessor-version":[{"id":14859,"href":"https:\/\/www.arcaboa.com\/fr\/wp-json\/wp\/v2\/pages\/9038\/revisions\/14859\/"}],"wp:attachment":[{"href":"https:\/\/www.arcaboa.com\/fr\/wp-json\/wp\/v2\/media\/?parent=9038"}],"curies":[{"name":"wp","href":"https:\/\/api.w.org\/{rel}","templated":true}]}}