{"id":9049,"date":"2022-09-28T09:27:04","date_gmt":"2022-09-28T08:27:04","guid":{"rendered":"https:\/\/www.arcaboa.com\/?page_id=9049"},"modified":"2022-09-28T09:27:04","modified_gmt":"2022-09-28T08:27:04","slug":"client","status":"publish","type":"page","link":"https:\/\/www.arcaboa.com\/fr\/client\/","title":{"rendered":"Client"},"content":{"rendered":"<div class=\"row row-edge  \" >\n<div class=\"col-md-12\">\n<section class=\"parallax-box image-parallax-box well-lg bg-secondary offset-1\" style=\"min-height: 100px\"><div class=\"parallax-content\">\n<h1 style=\"text-align: center;\">Espace client T\u00e9l\u00e9charger<\/h1>\n<div class=\"clear\"><\/div><\/div><div class=\"parallax-bg\" data-parallax-type=\"image\" data-img-url=\"https:\/\/www.arcaboa.com\/wp-content\/uploads\/2017\/06\/topo-cliente.jpg\" data-speed=\"1.5\" data-invert=\"\" ><\/div><\/section>\n<\/div>\n<\/div>\n<div class=\"row row-edge  \" >\n<div class=\"col-md-12\">\n<div class=\"row well-sm \" ><div class=\"container\"><div class=\"row row-edge\">\n<div class=\"col-xs-12 col-sm-12 col-md-4 col-lg-4\">\n<h3 style=\"text-align: center;\">Liste des pi\u00e8ces d\u00e9tach\u00e9es<\/h3>\n<p style=\"text-align: center;\"><span class=\"fl-bigmug-line-shopping199 cherry-icon   icon-279\"><\/span> [T\u00e9l\u00e9chargement introuvable]\n<p style=\"text-align: center;\"><span class=\"fl-bigmug-line-shopping199 cherry-icon   icon-458\"><\/span> [T\u00e9l\u00e9chargement introuvable]\n<p style=\"text-align: center;\"><span class=\"fl-bigmug-line-shopping199 cherry-icon   icon-428\"><\/span> [T\u00e9l\u00e9chargement introuvable]\n<p style=\"text-align: center;\"><span class=\"fl-bigmug-line-shopping199 cherry-icon   icon-556\"><\/span> [T\u00e9l\u00e9chargement introuvable]\n<p style=\"text-align: center;\"><span class=\"fl-bigmug-line-shopping199 cherry-icon   icon-300\"><\/span> [T\u00e9l\u00e9chargement introuvable]\n<p style=\"text-align: center;\"><span class=\"fl-bigmug-line-shopping199 cherry-icon   icon-762\"><\/span> [T\u00e9l\u00e9chargement introuvable]\n<p style=\"text-align: center;\"><span class=\"fl-bigmug-line-shopping199 cherry-icon   icon-473\"><\/span> [T\u00e9l\u00e9chargement introuvable]\n<p style=\"text-align: center;\"><span class=\"fl-bigmug-line-shopping199 cherry-icon   icon-429\"><\/span> [T\u00e9l\u00e9chargement introuvable]\n<p style=\"text-align: center;\"><span class=\"fl-bigmug-line-shopping199 cherry-icon   icon-311\"><\/span> [T\u00e9l\u00e9chargement introuvable]\n<p style=\"text-align: center;\"><span class=\"fl-bigmug-line-shopping199 cherry-icon   icon-322\"><\/span> [T\u00e9l\u00e9chargement introuvable]\n<p style=\"text-align: center;\"><span class=\"fl-bigmug-line-shopping199 cherry-icon   icon-267\"><\/span> [T\u00e9l\u00e9chargement introuvable]\n<p style=\"text-align: center;\"><span class=\"fl-bigmug-line-shopping199 cherry-icon   icon-947\"><\/span> [T\u00e9l\u00e9chargement introuvable]\n<p style=\"text-align: center;\"><span class=\"fl-bigmug-line-shopping199 cherry-icon   icon-624\"><\/span> [T\u00e9l\u00e9chargement introuvable]\n<p style=\"text-align: center;\"><span class=\"fl-bigmug-line-shopping199 cherry-icon   icon-704\"><\/span> [T\u00e9l\u00e9chargement introuvable]\n<p style=\"text-align: center;\"><span class=\"fl-bigmug-line-shopping199 cherry-icon   icon-522\"><\/span> [T\u00e9l\u00e9chargement introuvable]\n<p style=\"text-align: center;\"><span class=\"fl-bigmug-line-shopping199 cherry-icon   icon-857\"><\/span> \n<h3><\/h3>\n<h3 style=\"text-align: center;\">Dessins \u00e9clat\u00e9s<\/h3>\n<p style=\"text-align: center;\"><span class=\"fl-bigmug-line-book188 cherry-icon   icon-185\"><\/span>[T\u00e9l\u00e9chargement introuvable]\n<p style=\"text-align: center;\"><span class=\"fl-bigmug-line-book188 cherry-icon   icon-549\"><\/span>[T\u00e9l\u00e9chargement introuvable]\n<p style=\"text-align: center;\"><span class=\"fl-bigmug-line-book188 cherry-icon   icon-478\"><\/span>[T\u00e9l\u00e9chargement introuvable]\n<p style=\"text-align: center;\"><span class=\"fl-bigmug-line-book188 cherry-icon   icon-521\"><\/span>[T\u00e9l\u00e9chargement introuvable]\n<p style=\"text-align: center;\"><span class=\"fl-bigmug-line-book188 cherry-icon   icon-855\"><\/span>[T\u00e9l\u00e9chargement introuvable]\n<p style=\"text-align: center;\"><span class=\"fl-bigmug-line-book188 cherry-icon   icon-428\"><\/span>[T\u00e9l\u00e9chargement introuvable]\n<p style=\"text-align: center;\"><span class=\"fl-bigmug-line-book188 cherry-icon   icon-950\"><\/span>[T\u00e9l\u00e9chargement introuvable]\n<p style=\"text-align: center;\"><span class=\"fl-bigmug-line-book188 cherry-icon   icon-667\"><\/span>[T\u00e9l\u00e9chargement introuvable]\n<p style=\"text-align: center;\"><span class=\"fl-bigmug-line-book188 cherry-icon   icon-350\"><\/span>[T\u00e9l\u00e9chargement introuvable]\n<p style=\"text-align: center;\"><span class=\"fl-bigmug-line-book188 cherry-icon   icon-828\"><\/span>[T\u00e9l\u00e9chargement introuvable]\n<p style=\"text-align: center;\"><span class=\"fl-bigmug-line-book188 cherry-icon   icon-355\"><\/span>[T\u00e9l\u00e9chargement introuvable]\n<p style=\"text-align: center;\"><span class=\"fl-bigmug-line-book188 cherry-icon   icon-563\"><\/span>[T\u00e9l\u00e9chargement introuvable]\n<p style=\"text-align: center;\"><span class=\"fl-bigmug-line-book188 cherry-icon   icon-798\"><\/span>[T\u00e9l\u00e9chargement introuvable]\n<p style=\"text-align: center;\"><span class=\"fl-bigmug-line-book188 cherry-icon   icon-388\"><\/span>[T\u00e9l\u00e9chargement introuvable]\n<p style=\"text-align: center;\"><span class=\"fl-bigmug-line-book188 cherry-icon   icon-668\"><\/span>[T\u00e9l\u00e9chargement introuvable]\n<p style=\"text-align: center;\"><span class=\"fl-bigmug-line-book188 cherry-icon   icon-735\"><\/span>[T\u00e9l\u00e9chargement introuvable]\n<h3><\/h3>\n<h3 style=\"text-align: center;\">Armoires de dimensions<\/h3>\n<p style=\"text-align: center;\"><span class=\"fl-bigmug-line-shopping199 cherry-icon   icon-440\"><\/span> [T\u00e9l\u00e9chargement introuvable]\n<p style=\"text-align: center;\"><span class=\"fl-bigmug-line-shopping199 cherry-icon   icon-291\"><\/span> [T\u00e9l\u00e9chargement introuvable]\n<p style=\"text-align: center;\"><span class=\"fl-bigmug-line-shopping199 cherry-icon   icon-901\"><\/span> [T\u00e9l\u00e9chargement introuvable]\n<p style=\"text-align: center;\"><span class=\"fl-bigmug-line-shopping199 cherry-icon   icon-924\"><\/span> [T\u00e9l\u00e9chargement introuvable]\n<p style=\"text-align: center;\"><span class=\"fl-bigmug-line-shopping199 cherry-icon   icon-829\"><\/span> [T\u00e9l\u00e9chargement introuvable]\n<p style=\"text-align: center;\"><span class=\"fl-bigmug-line-shopping199 cherry-icon   icon-159\"><\/span> [T\u00e9l\u00e9chargement introuvable]\n<p style=\"text-align: center;\"><span class=\"fl-bigmug-line-shopping199 cherry-icon   icon-794\"><\/span> [T\u00e9l\u00e9chargement introuvable]\n<p style=\"text-align: center;\"><span class=\"fl-bigmug-line-shopping199 cherry-icon   icon-730\"><\/span> [T\u00e9l\u00e9chargement introuvable]\n<p style=\"text-align: center;\"><span class=\"fl-bigmug-line-shopping199 cherry-icon   icon-909\"><\/span> [T\u00e9l\u00e9chargement introuvable]\n<p style=\"text-align: center;\"><span class=\"fl-bigmug-line-shopping199 cherry-icon   icon-932\"><\/span> [T\u00e9l\u00e9chargement introuvable]\n<p style=\"text-align: center;\"><span class=\"fl-bigmug-line-shopping199 cherry-icon   icon-198\"><\/span> [T\u00e9l\u00e9chargement introuvable]\n<p style=\"text-align: center;\"><span class=\"fl-bigmug-line-shopping199 cherry-icon   icon-174\"><\/span> [T\u00e9l\u00e9chargement introuvable]\n<p style=\"text-align: center;\"><span class=\"fl-bigmug-line-shopping199 cherry-icon   icon-364\"><\/span> [T\u00e9l\u00e9chargement introuvable]\n<p style=\"text-align: center;\"><span class=\"fl-bigmug-line-shopping199 cherry-icon   icon-725\"><\/span> [T\u00e9l\u00e9chargement introuvable]\n<p style=\"text-align: center;\"><span class=\"fl-bigmug-line-shopping199 cherry-icon   icon-462\"><\/span> [T\u00e9l\u00e9chargement introuvable]\n<p style=\"text-align: center;\"><span class=\"fl-bigmug-line-shopping199 cherry-icon   icon-429\"><\/span> [T\u00e9l\u00e9chargement introuvable]\n<h3 style=\"text-align: center;\">Dimensions Accessoires<\/h3>\n<p style=\"text-align: center;\"><span class=\"fl-bigmug-line-shopping199 cherry-icon   icon-940\"><\/span> [T\u00e9l\u00e9chargement introuvable]\n<p style=\"text-align: center;\"><span class=\"fl-bigmug-line-shopping199 cherry-icon   icon-255\"><\/span> [T\u00e9l\u00e9chargement introuvable]\n<p style=\"text-align: center;\"><span class=\"fl-bigmug-line-shopping199 cherry-icon   icon-247\"><\/span> [T\u00e9l\u00e9chargement introuvable]\n<h3 style=\"text-align: center;\">Kits d&rsquo;union \/ d&rsquo;\u00e9tag\u00e8re<\/h3>\n<p style=\"text-align: center;\"><span class=\"fl-bigmug-line-shopping199 cherry-icon   icon-739\"><\/span> [T\u00e9l\u00e9chargement introuvable]\n<p style=\"text-align: center;\"><span class=\"fl-bigmug-line-shopping199 cherry-icon   icon-987\"><\/span> [T\u00e9l\u00e9chargement introuvable]\n<\/div>\n<div class=\"col-xs-12 col-sm-12 col-md-4 col-lg-4\">\n<h3 style=\"text-align: center;\">Sch\u00e9mas de c\u00e2blage<\/h3>\n<p style=\"text-align: center;\"><span class=\"fl-bigmug-line-book188 cherry-icon   icon-845\"><\/span>[T\u00e9l\u00e9chargement introuvable]\n<p style=\"text-align: center;\"><span class=\"fl-bigmug-line-book188 cherry-icon   icon-728\"><\/span>[T\u00e9l\u00e9chargement introuvable]\n<p style=\"text-align: center;\"><span class=\"fl-bigmug-line-book188 cherry-icon   icon-265\"><\/span>[T\u00e9l\u00e9chargement introuvable]\n<p style=\"text-align: center;\"><span class=\"fl-bigmug-line-book188 cherry-icon   icon-446\"><\/span>[T\u00e9l\u00e9chargement introuvable]\n<p style=\"text-align: center;\"><span class=\"fl-bigmug-line-book188 cherry-icon   icon-840\"><\/span>[T\u00e9l\u00e9chargement introuvable]\n<p style=\"text-align: center;\"><span class=\"fl-bigmug-line-book188 cherry-icon   icon-477\"><\/span>[T\u00e9l\u00e9chargement introuvable]\n<p style=\"text-align: center;\"><span class=\"fl-bigmug-line-book188 cherry-icon   icon-309\"><\/span>[T\u00e9l\u00e9chargement introuvable]\n<p style=\"text-align: center;\"><span class=\"fl-bigmug-line-book188 cherry-icon   icon-898\"><\/span>[T\u00e9l\u00e9chargement introuvable]\n<p>&nbsp;<\/p>\n<h3 style=\"text-align: center;\">Frais de gaz R290 &#8211; Supermarch\u00e9<\/h3>\n<p style=\"text-align: center;\"><span class=\"fl-bigmug-line-book188 cherry-icon   icon-823\"><\/span>[T\u00e9l\u00e9chargement introuvable]\n<h3><\/h3>\n<h3 style=\"text-align: center;\">Certificats<\/h3>\n<p style=\"text-align: center;\"><span class=\"fl-bigmug-line-book188 cherry-icon   icon-510\"><\/span>[T\u00e9l\u00e9chargement introuvable]\n<p style=\"text-align: center;\"><span class=\"fl-bigmug-line-book188 cherry-icon   icon-691\"><\/span>[T\u00e9l\u00e9chargement introuvable]\n<p style=\"text-align: center;\"><span class=\"fl-bigmug-line-book188 cherry-icon   icon-551\"><\/span>[T\u00e9l\u00e9chargement introuvable]\n<p style=\"text-align: center;\"><span class=\"fl-bigmug-line-book188 cherry-icon   icon-455\"><\/span>[T\u00e9l\u00e9chargement introuvable]\n<p style=\"text-align: center;\"><span class=\"fl-bigmug-line-book188 cherry-icon   icon-220\"><\/span>[T\u00e9l\u00e9chargement introuvable]\n<p style=\"text-align: center;\"><span class=\"fl-bigmug-line-book188 cherry-icon   icon-652\"><\/span>[T\u00e9l\u00e9chargement introuvable]\n<\/div>\n<div class=\"col-xs-12 col-sm-12 col-md-4 col-lg-4\">\n<h3 style=\"text-align: center;\">Catalogues<\/h3>\n<p style=\"text-align: center;\"><span class=\"fl-bigmug-line-book188 cherry-icon   icon-118\"><\/span>[T\u00e9l\u00e9chargement introuvable]\n<hr \/>\n<p style=\"text-align: center;\"><span class=\"fl-bigmug-line-book188 cherry-icon   icon-642\"><\/span>[T\u00e9l\u00e9chargement introuvable]\n<h3 style=\"text-align: center;\">Manuels<\/h3>\n<p style=\"text-align: center;\"><span class=\"fl-bigmug-line-book188 cherry-icon   icon-575\"><\/span>[Manual\u00a0<a href=\"http:\/\/www.arcmanuals.com\/MANUAL_A4_UK.pdf\">EN<\/a>]\n<p style=\"text-align: center;\"><span class=\"fl-bigmug-line-book188 cherry-icon   icon-446\"><\/span>[Manual\u00a0<a href=\"http:\/\/www.arcmanuals.com\/MANUAL_A4_PT.pdf\">PT<\/a>]\n<p style=\"text-align: center;\"><span class=\"fl-bigmug-line-book188 cherry-icon   icon-567\"><\/span>[Manual\u00a0<a href=\"http:\/\/www.arcmanuals.com\/MANUAL_A4_ES.pdf\">ES<\/a>]\n<p style=\"text-align: center;\"><span class=\"fl-bigmug-line-book188 cherry-icon   icon-113\"><\/span>[Manual\u00a0<a href=\"http:\/\/www.arcmanuals.com\/MANUAL_A4_NL.pdf\">NL<\/a>]\n<p style=\"text-align: center;\"><span class=\"fl-bigmug-line-book188 cherry-icon   icon-433\"><\/span>[Manual\u00a0<a href=\"http:\/\/www.arcmanuals.com\/MANUAL_A4_KR.pdf\">KR<\/a>]\n<p style=\"text-align: center;\"><span class=\"fl-bigmug-line-book188 cherry-icon   icon-244\"><\/span>[Manual\u00a0<a href=\"http:\/\/www.arcmanuals.com\/MANUAL_A4_FR.pdf\">FR<\/a>]\n<p style=\"text-align: center;\"><span class=\"fl-bigmug-line-book188 cherry-icon   icon-678\"><\/span>[Manual <a href=\"http:\/\/www.arcmanuals.com\/MANUAL_A4_DE.pdf\">DE<\/a>]\n<p>&nbsp;<\/p>\n<h3 style=\"text-align: center;\">Prix &#8211; Accessoires<\/h3>\n<p style=\"text-align: center;\"><span class=\"fl-bigmug-line-shopping199 cherry-icon   icon-524\"><\/span> [T\u00e9l\u00e9chargement introuvable]\n<\/div>\n<div class=\"col-xs-12 col-sm-12 col-md-4 col-lg-4\">\n<h3 style=\"text-align: center;\">Autres informations<\/h3>\n<p style=\"text-align: center;\"><span class=\"fl-bigmug-line-book188 cherry-icon   icon-208\"><\/span>[T\u00e9l\u00e9chargement introuvable]\n<p style=\"text-align: center;\"><span class=\"fl-bigmug-line-book188 cherry-icon   icon-555\"><\/span>[T\u00e9l\u00e9chargement introuvable]\n<p style=\"text-align: center;\"><span class=\"fl-bigmug-line-book188 cherry-icon   icon-937\"><\/span>[T\u00e9l\u00e9chargement introuvable]\n<\/div>\n<\/div><\/div><\/div>\n<\/div>\n<\/div>\n<p>&nbsp;<\/p>\n<p>&nbsp;<\/p>\n","protected":false},"excerpt":{"rendered":"&nbsp; &nbsp;","protected":false},"author":67,"featured_media":0,"parent":0,"menu_order":0,"comment_status":"closed","ping_status":"closed","template":"","meta":{"footnotes":""},"_links":{"self":[{"href":"https:\/\/www.arcaboa.com\/fr\/wp-json\/wp\/v2\/pages\/9049\/"}],"collection":[{"href":"https:\/\/www.arcaboa.com\/fr\/wp-json\/wp\/v2\/pages\/"}],"about":[{"href":"https:\/\/www.arcaboa.com\/fr\/wp-json\/wp\/v2\/types\/page\/"}],"author":[{"embeddable":true,"href":"https:\/\/www.arcaboa.com\/fr\/wp-json\/wp\/v2\/users\/67\/"}],"replies":[{"embeddable":true,"href":"https:\/\/www.arcaboa.com\/fr\/wp-json\/wp\/v2\/comments\/?post=9049"}],"version-history":[{"count":2,"href":"https:\/\/www.arcaboa.com\/fr\/wp-json\/wp\/v2\/pages\/9049\/revisions\/"}],"predecessor-version":[{"id":9051,"href":"https:\/\/www.arcaboa.com\/fr\/wp-json\/wp\/v2\/pages\/9049\/revisions\/9051\/"}],"wp:attachment":[{"href":"https:\/\/www.arcaboa.com\/fr\/wp-json\/wp\/v2\/media\/?parent=9049"}],"curies":[{"name":"wp","href":"https:\/\/api.w.org\/{rel}","templated":true}]}}